{"id":12188,"date":"2023-12-08T11:45:30","date_gmt":"2023-12-08T10:45:30","guid":{"rendered":"https:\/\/staging.europagence.com\/?page_id=12188"},"modified":"2024-05-03T14:40:33","modified_gmt":"2024-05-03T12:40:33","slug":"vara-tjanster","status":"publish","type":"page","link":"https:\/\/europagence.com\/sv\/vara-tjanster\/","title":{"rendered":"V\u00c5RA TJ\u00c4NSTER"},"content":{"rendered":"<div data-elementor-type=\"wp-page\" data-elementor-id=\"12188\" class=\"elementor elementor-12188\" data-elementor-post-type=\"page\">\n\t\t\t\t\t\t<section class=\"elementor-section elementor-top-section elementor-element elementor-element-16793ed elementor-section-height-min-height elementor-section-items-stretch elementor-section-boxed elementor-section-height-default\" data-id=\"16793ed\" data-element_type=\"section\" data-settings=\"{&quot;background_background&quot;:&quot;classic&quot;}\">\n\t\t\t\t\t\t\t<div class=\"elementor-background-overlay\"><\/div>\n\t\t\t\t\t\t\t<div class=\"elementor-container elementor-column-gap-default\">\n\t\t\t\t\t<div class=\"elementor-column elementor-col-100 elementor-top-column elementor-element elementor-element-f263a29\" data-id=\"f263a29\" data-element_type=\"column\">\n\t\t\t<div class=\"elementor-widget-wrap elementor-element-populated\">\n\t\t\t\t\t\t<div class=\"elementor-element elementor-element-bb069eb elementor-widget__width-initial elementor-widget-tablet__width-inherit elementor-widget elementor-widget-heading\" data-id=\"bb069eb\" data-element_type=\"widget\" data-widget_type=\"heading.default\">\n\t\t\t\t<div class=\"elementor-widget-container\">\n\t\t\t\t\t<div class=\"elementor-heading-title elementor-size-default\">V\u00c5RA TJ\u00c4NSTER<\/div>\t\t\t\t<\/div>\n\t\t\t\t<\/div>\n\t\t\t\t\t<\/div>\n\t\t<\/div>\n\t\t\t\t\t<\/div>\n\t\t<\/section>\n\t\t\t\t<section class=\"elementor-section elementor-top-section elementor-element elementor-element-7639ea5 elementor-section-boxed elementor-section-height-default elementor-section-height-default\" data-id=\"7639ea5\" data-element_type=\"section\">\n\t\t\t\t\t\t<div class=\"elementor-container elementor-column-gap-no\">\n\t\t\t\t\t<div class=\"elementor-column elementor-col-100 elementor-top-column elementor-element elementor-element-d181908\" data-id=\"d181908\" data-element_type=\"column\">\n\t\t\t<div class=\"elementor-widget-wrap elementor-element-populated\">\n\t\t\t\t\t\t<div class=\"elementor-element elementor-element-d8c27cf elementor-hidden-desktop elementor-hidden-tablet elementor-hidden-phone elementor-widget elementor-widget-heading\" data-id=\"d8c27cf\" data-element_type=\"widget\" data-widget_type=\"heading.default\">\n\t\t\t\t<div class=\"elementor-widget-container\">\n\t\t\t\t\t<h3 class=\"elementor-heading-title elementor-size-default\">A propos de nos Agences : Nos Services<\/h3>\t\t\t\t<\/div>\n\t\t\t\t<\/div>\n\t\t\t\t<div class=\"elementor-element elementor-element-df020fa elementor-widget elementor-widget-text-editor\" data-id=\"df020fa\" data-element_type=\"widget\" data-widget_type=\"text-editor.default\">\n\t\t\t\t<div class=\"elementor-widget-container\">\n\t\t\t\t\t\t\t\t\t<h1 style=\"text-align: center;\">V\u00c5RA TJ\u00c4NSTER<\/h1><p style=\"font-weight: 400;\">EUROP'AGENCE med \u00f6ver 35 \u00e5rs erfarenhet \u00e4r specialiserat p\u00e5 f\u00f4rs\u00e4ljning och s\u00e4songsuthyrning av fastigheter.<\/p><p style=\"font-weight: 400;\">Armi Helena FORNARI, fransk-finska, fastighetsm\u00e4klare med juristexamen fr\u00e5n Juridiska fakulteten i NICE och hennes flerspr\u00e5kiga kollegor erbjuder de b\u00e4sta tj\u00e4nsterna till v\u00e5ra kunder.<\/p><p style=\"font-weight: 400;\">Oavsett  du vill k\u00f6pa eller s\u00e4lja en villa eller l\u00e4genhet eller hitta en semesterbostad, kan EUROP'AGENCE hitta den b\u00e4sta servicen f\u00f6r dina behov..<\/p><p style=\"font-weight: 400;\">F\u00f6r oss \u00e4r f\u00f6rs\u00e4lgning och uthyrning mer \u00e4n bara en transaktion. Vi hj\u00e4lper v\u00e5ra kunder genom hela k\u00f6p- och s\u00e2ljprocessen.<\/p><p style=\"font-weight: 400;\">Vi talar franska, engelska, svenska, finska och italienska.<\/p><p style=\"font-weight: 400;\">EUROP'AGENCE tillhandah\u00e5ller juridisk och skatter\u00e5dgivning i samarbete med juridiska specialister.<\/p><p style=\"font-weight: 400;\">Vi hj\u00e4lper dig att hitta  yrkeskunniga arkitekter och renoveringsf\u00f6retag<\/p><p style=\"font-weight: 400;\">V\u00e5r congiergerieservice  f\u00f6r s\u00e4songuthyrning garanterar att din semester blir problemfri. Vi tar hand om allt !<\/p><p style=\"font-weight: 400;\">Professionalism och diskretion utg\u00f6r grunden f\u00f6r v\u00e5r verksamhet.<\/p>\t\t\t\t\t\t\t\t<\/div>\n\t\t\t\t<\/div>\n\t\t\t\t<div class=\"elementor-element elementor-element-da8c1a8 elementor-cta--layout-image-above elementor-cta--skin-classic elementor-animated-content elementor-widget elementor-widget-call-to-action\" data-id=\"da8c1a8\" data-element_type=\"widget\" data-widget_type=\"call-to-action.default\">\n\t\t\t\t<div class=\"elementor-widget-container\">\n\t\t\t\t\t\t\t<div class=\"elementor-cta\">\n\t\t\t\t\t<div class=\"elementor-cta__bg-wrapper\">\n\t\t\t\t<div class=\"elementor-cta__bg elementor-bg\" style=\"background-image: url(https:\/\/europagence.com\/wp-content\/uploads\/2024\/02\/istockphoto-1057613520-612x612-1.jpg);\" role=\"img\" aria-label=\"Good service cooperation, Consultation of Businesswoman and Male lawyer or judge counselor having team meeting with client, Law and Legal services concept.\"><\/div>\n\t\t\t\t<div class=\"elementor-cta__bg-overlay\"><\/div>\n\t\t\t<\/div>\n\t\t\t\t\t\t\t<div class=\"elementor-cta__content\">\n\t\t\t\t\n\t\t\t\t\t\t\t\t\t<h2 class=\"elementor-cta__title elementor-cta__content-item elementor-content-item\">\n\t\t\t\t\t\tK\u00d6P OCH S\u00c4LJ F\u00d6R UTL\u00c4NDSKA MEDBORGARE\t\t\t\t\t<\/h2>\n\t\t\t\t\n\t\t\t\t\t\t\t\t\t<div class=\"elementor-cta__description elementor-cta__content-item elementor-content-item\">\n\t\t\t\t\t\tEUROP\u2019AGENCE \u00e4r specialiserad p\u00e5 transaktioner f\u00f6r utl\u00e4ndska medborgare och hj\u00e4lper till i processens alla stadier:\n<br><br>1. Underskrift av ett k\u00f6perbjudande eller fullmakt vid f\u00f6rs\u00e4ljning.\n<br>2. Teknisk diagnostik av en professionell\n<br>3. Val av notarie. Notarien \u00e4r den enda juridiska yrkesut\u00f6varen som har beh\u00f6righet att intyga f\u00f6rs\u00e4ljningen eller k\u00f6pet. Detta g\u00e4ller \u00e4ven donationer mellan levande och att handl\u00e4gga arvs\u00e4renden.\n<br>4. F\u00f6rs\u00e4ljningsavtal eller l\u00f6fte om f\u00f6rs\u00e4ljning kan uppr\u00e4ttas av notarien eller fastighetsm\u00e4klaren och inkluderar alla villkor: f\u00f6rs\u00e4ljningspriset, tilltr\u00e4desdatum, l\u00e5nevillkoren, suspensiva villkor, kostnader f\u00f6r \u00f6verl\u00e5telse och sam\u00e4gandeavgifter, skatter och avgifter, byr\u00e5- och notarieavgifter, \u00e5ngerfrist och betalning av deposition.\n<br>5. Underskrift av det autentiska k\u00f6pebrevet\n<br><br>Notarien s\u00e4kerst\u00e4ller och intygar f\u00f6rs\u00e4ljningen eller k\u00f6pet i allm\u00e4nhet 2 eller 3 m\u00e5nader efter undertecknandet av f\u00f6rs\u00e4ljningsavtalet. Samma dag sker ibruktagande och \u00f6verl\u00e4mnande av nycklar. Notarien skickar publiceringsformaliteterna till Bureau de la Conservation des Hypoth\u00e8ques (registreringsmyndigheten).\n\n<br><br>EUROP\u2019AGENCE hj\u00e4lper sina kunder med administrativa rutiner, upps\u00e4gningar eller abonnemang av el- och internetabonnemang m.m. \n\n<br><br>V\u00e5rt n\u00e4tverk av specialister st\u00e5r till tj\u00e4nst: notarier, advokater, banker, revisorer, byggare, arkitekter, renoveringsf\u00f6retag, f\u00f6rs\u00e4kringsbolag, diagnostiker, st\u00e4dning, privata kockar, transport\u00f6rer mm.\n\t\t\t\t\t<\/div>\n\t\t\t\t\n\t\t\t\t\t\t\t\t\t<div class=\"elementor-cta__button-wrapper elementor-cta__content-item elementor-content-item\">\n\t\t\t\t\t<a class=\"elementor-cta__button elementor-button elementor-size-\" href=\"https:\/\/europagence.com\/sv\/kontakt\/\">\n\t\t\t\t\t\tKONTAKTA OSS\t\t\t\t\t<\/a>\n\t\t\t\t\t<\/div>\n\t\t\t\t\t\t\t<\/div>\n\t\t\t\t\t\t<\/div>\n\t\t\t\t\t\t<\/div>\n\t\t\t\t<\/div>\n\t\t\t\t<div class=\"elementor-element elementor-element-bec00cc elementor-cta--layout-image-right elementor-cta--mobile-layout-image-above elementor-cta--skin-classic elementor-animated-content elementor-widget elementor-widget-call-to-action\" data-id=\"bec00cc\" data-element_type=\"widget\" data-widget_type=\"call-to-action.default\">\n\t\t\t\t<div class=\"elementor-widget-container\">\n\t\t\t\t\t\t\t<div class=\"elementor-cta\">\n\t\t\t\t\t<div class=\"elementor-cta__bg-wrapper\">\n\t\t\t\t<div class=\"elementor-cta__bg elementor-bg\" style=\"background-image: url(https:\/\/europagence.com\/wp-content\/uploads\/2024\/02\/istockphoto-1130220121-612x612-1.jpg);\" role=\"img\" aria-label=\"Close-up Of A Businessman&#039;s Hand Holding Magnifying Glass Over House Model Over Desk\"><\/div>\n\t\t\t\t<div class=\"elementor-cta__bg-overlay\"><\/div>\n\t\t\t<\/div>\n\t\t\t\t\t\t\t<div class=\"elementor-cta__content\">\n\t\t\t\t\n\t\t\t\t\t\t\t\t\t<h2 class=\"elementor-cta__title elementor-cta__content-item elementor-content-item\">\n\t\t\t\t\t\tRENOVATION\t\t\t\t\t<\/h2>\n\t\t\t\t\n\t\t\t\t\t\t\t\t\t<div class=\"elementor-cta__description elementor-cta__content-item elementor-content-item\">\n\t\t\t\t\t\tF\u00f6r v\u00e5ra kunder som vill renovera, bygga och bygga ut, kan vi presentera designkontoren med arkitekter och professionella f\u00f6retag som ger dig r\u00e5d och utformar projektet fram till det att arbetet \u00e4r slutf\u00f6rt:\n<br><br>- Genomf\u00f6ra planerings- och genomf\u00f6rbarhetsstudier\n<br>- Delta i m\u00f6ten p\u00e5 plats under arbetets g\u00e5ng\n<br>- R\u00e5dgivning och st\u00f6d inf\u00f6r beslutsfattande.\t\t\t\t\t<\/div>\n\t\t\t\t\n\t\t\t\t\t\t\t\t\t<div class=\"elementor-cta__button-wrapper elementor-cta__content-item elementor-content-item\">\n\t\t\t\t\t<a class=\"elementor-cta__button elementor-button elementor-size-\" href=\"https:\/\/europagence.com\/sv\/kontakt\/\">\n\t\t\t\t\t\tKONTAKTA OSS\t\t\t\t\t<\/a>\n\t\t\t\t\t<\/div>\n\t\t\t\t\t\t\t<\/div>\n\t\t\t\t\t\t<\/div>\n\t\t\t\t\t\t<\/div>\n\t\t\t\t<\/div>\n\t\t\t\t<div class=\"elementor-element elementor-element-4e47954 elementor-cta--layout-image-left elementor-cta--mobile-layout-image-above elementor-cta--skin-classic elementor-animated-content elementor-widget elementor-widget-call-to-action\" data-id=\"4e47954\" data-element_type=\"widget\" data-widget_type=\"call-to-action.default\">\n\t\t\t\t<div class=\"elementor-widget-container\">\n\t\t\t\t\t\t\t<div class=\"elementor-cta\">\n\t\t\t\t\t<div class=\"elementor-cta__bg-wrapper\">\n\t\t\t\t<div class=\"elementor-cta__bg elementor-bg\" style=\"background-image: url(https:\/\/europagence.com\/wp-content\/uploads\/2024\/02\/istockphoto-889512924-612x612-1.jpg);\" role=\"img\" aria-label=\"Cropped shot of a businessman and businesswoman shaking hands in a modern office\"><\/div>\n\t\t\t\t<div class=\"elementor-cta__bg-overlay\"><\/div>\n\t\t\t<\/div>\n\t\t\t\t\t\t\t<div class=\"elementor-cta__content\">\n\t\t\t\t\n\t\t\t\t\t\t\t\t\t<h2 class=\"elementor-cta__title elementor-cta__content-item elementor-content-item\">\n\t\t\t\t\t\tCONCIERGESERVICE\t\t\t\t\t<\/h2>\n\t\t\t\t\n\t\t\t\t\t\t\t\t\t<div class=\"elementor-cta__description elementor-cta__content-item elementor-content-item\">\n\t\t\t\t\t\tAll inclusive. Vi tar hand om allt!\n<br><br>20 %\/hyra (minst 7 n\u00e4tter).\n<br><br>Mottagande\/avresa av hyresg\u00e4ster\n<br><br>Incheckning\/utcheckning \u2013 Kontroll\n<br><br>St\u00e4dning\n \n<br><br>Underh\u00e5ll (offert)\n\t\t\t\t\t<\/div>\n\t\t\t\t\n\t\t\t\t\t\t\t\t\t<div class=\"elementor-cta__button-wrapper elementor-cta__content-item elementor-content-item\">\n\t\t\t\t\t<a class=\"elementor-cta__button elementor-button elementor-size-\" href=\"https:\/\/europagence.com\/sv\/kontakt\/\">\n\t\t\t\t\t\tKONTAKTA OSS\t\t\t\t\t<\/a>\n\t\t\t\t\t<\/div>\n\t\t\t\t\t\t\t<\/div>\n\t\t\t\t\t\t<\/div>\n\t\t\t\t\t\t<\/div>\n\t\t\t\t<\/div>\n\t\t\t\t\t<\/div>\n\t\t<\/div>\n\t\t\t\t\t<\/div>\n\t\t<\/section>\n\t\t\t\t<\/div>","protected":false},"excerpt":{"rendered":"<p>Nos Services Nos Services EUROP\u2019AGENCE , sp\u00e9cialis\u00e9e dans\u00a0 la vente et la location saisonni\u00e8re de biens de luxe et de standing b\u00e9n\u00e9ficie de plus de 35 ans d\u2019exp\u00e9rience. Armi Helena FORNARI ,\u00a0 franco-finlandaise\u00a0, agent immobilier et licenci\u00e9e en\u00a0 Droit de la Facult\u00e9 de Droit de NICE et ses collaborateurs multilingues proposent les meilleurs services \u00e0 [&hellip;]<\/p>","protected":false},"author":3,"featured_media":0,"parent":0,"menu_order":0,"comment_status":"closed","ping_status":"closed","template":"","meta":{"footnotes":""},"class_list":["post-12188","page","type-page","status-publish","hentry"],"_links":{"self":[{"href":"https:\/\/europagence.com\/sv\/wp-json\/wp\/v2\/pages\/12188","targetHints":{"allow":["GET"]}}],"collection":[{"href":"https:\/\/europagence.com\/sv\/wp-json\/wp\/v2\/pages"}],"about":[{"href":"https:\/\/europagence.com\/sv\/wp-json\/wp\/v2\/types\/page"}],"author":[{"embeddable":true,"href":"https:\/\/europagence.com\/sv\/wp-json\/wp\/v2\/users\/3"}],"replies":[{"embeddable":true,"href":"https:\/\/europagence.com\/sv\/wp-json\/wp\/v2\/comments?post=12188"}],"version-history":[{"count":3,"href":"https:\/\/europagence.com\/sv\/wp-json\/wp\/v2\/pages\/12188\/revisions"}],"predecessor-version":[{"id":12609,"href":"https:\/\/europagence.com\/sv\/wp-json\/wp\/v2\/pages\/12188\/revisions\/12609"}],"wp:attachment":[{"href":"https:\/\/europagence.com\/sv\/wp-json\/wp\/v2\/media?parent=12188"}],"curies":[{"name":"wp","href":"https:\/\/api.w.org\/{rel}","templated":true}]}}