{"id":3,"date":"2021-03-01T16:32:18","date_gmt":"2021-03-01T16:32:18","guid":{"rendered":"https:\/\/farre-immobilier.com\/?page_id=3"},"modified":"2021-03-08T11:12:44","modified_gmt":"2021-03-08T11:12:44","slug":"politique-de-confidentialite","status":"publish","type":"page","link":"https:\/\/europagence.com\/ru\/politique-de-confidentialite\/","title":{"rendered":"Politique de confidentialit\u00e9"},"content":{"rendered":"<div data-elementor-type=\"wp-page\" data-elementor-id=\"3\" class=\"elementor elementor-3\" data-elementor-post-type=\"page\">\n\t\t\t\t\t\t<article class=\"elementor-section elementor-top-section elementor-element elementor-element-7fd67083 elementor-section-boxed elementor-section-height-default elementor-section-height-default\" data-id=\"7fd67083\" data-element_type=\"section\">\n\t\t\t\t\t\t<div class=\"elementor-container elementor-column-gap-default\">\n\t\t\t\t\t<div class=\"elementor-column elementor-col-100 elementor-top-column elementor-element elementor-element-1248fd19\" data-id=\"1248fd19\" data-element_type=\"column\">\n\t\t\t<div class=\"elementor-widget-wrap elementor-element-populated\">\n\t\t\t\t\t\t<div class=\"elementor-element elementor-element-60eb46e0 elementor-widget elementor-widget-text-editor\" data-id=\"60eb46e0\" data-element_type=\"widget\" data-widget_type=\"text-editor.default\">\n\t\t\t\t<div class=\"elementor-widget-container\">\n\t\t\t\t\t\t\t\t\t<h2>GDPR DATA PROTECTION<\/h2>\n<h3>PROTECTING YOUR CONFIDENTIAL DATA IS ONE OF OUR CONCERNS.<\/h3>\n<p>Europ\u2019Agence is committed to respecting your privacy as well as applicable data protection and privacy laws. This privacy policy ('Policy') describes our method of collecting and using personal data when Europ\u2019Agence is the data controller or when we mention the applicability of this policy. 'Personal data' refers to all information about you or any individual who can be identified.<br \/>\nWe will provide you with additional information regarding this privacy, when it is specific to a product or service in the Supplements of this policy. You may also encounter warnings when using our products or services. If you encounter differences between these warnings and this Policy, you should first consider the warnings.<br \/>\nThe software on your device may have access to your information. Our products or services may contain links to, or be integrated with, other websites and services of companies that have their own privacy policy. Where our products are integrated with the products and services of our clients, we ask them to be transparent with you. This may include the presence of a link redirecting to this Policy and relevant Supplements, and this transparency may also appear in the form of integrated notifications identifying us as the provider or responsible party for the service.<\/p>\n<p>If you do not agree with this policy, do not use our products or services, and do not provide your personal data to Europ\u2019Agence.<\/p>\n<p><strong>WHAT INFORMATION DO WE COLLECT?<\/strong><br \/>\nWe collect your personal data and other information when you request a quote.<\/p>\n<p><strong>USE OF PRODUCTS AND SERVICES<\/strong><br \/>\nWhen you access our online services, our web servers automatically record your visits. These recordings typically include your IP address, access durations, referring sites, pages visited, links and features used, displayed or requested content, browser or application type, language, and other similar information. You can also refer to our Cookie Policy.<br \/>\nOur applications may regularly contact our servers, for example, to check for updates or to send us information regarding your usage of our services. Additionally, we may invite you to voluntarily join service improvement or research programs, in which we collect detailed information. Refer to the Supplements of this Policy for more information.<\/p>\n<p><strong>INFORMATION YOU HAVE PROVIDED TO US<\/strong><br \/>\nWhen you request a quote, we may ask you for information such as your name, email address, phone number, postal address, and comments.<\/p>\n<p><strong>WHY DO WE PROCESS YOUR PERSONAL DATA?<\/strong><br \/>\nEurop\u2019Agence may process your personal data to meet various needs. This may apply to one or more needs at a time.<\/p>\n<p><strong>ACCOUNTS<\/strong><br \/>\nAn account may be necessary to help you manage your content and preferences. Depending on the service, creating an account may be required or optional. Creating an account involves providing us with basic contact information about you such as your name, email address, and country of residence.<\/p>\n<p><strong>CONTACTING YOU<\/strong><br \/>\nWe may use your personal data to communicate with you in order to contact you through our customer service.<\/p>\n<p><strong>WHAT IS THE LEGAL BASIS FOR PROCESSING YOUR PERSONAL DATA?<\/strong><br \/>\nOur legal basis for processing your personal data depends on the purpose of the processing and may vary as described in the corresponding Supplement to the product or service you are using. Generally, the legal bases for processing your personal data are as follows:<\/p>\n<p><strong>LEGAL OBLIGATIONS<\/strong><br \/>\nWe process your personal data in accordance with laws and regulations.<\/p>\n<p><strong>LEGITIMATE INTERESTS<\/strong><br \/>\nWe process your personal data for the purpose of our legitimate interests in customer management. Any such processing is subject to appropriate measures to protect your freedoms and fundamental rights in connection with your personal data.<\/p>\n<p><strong>HOW LONG DO WE RETAIN PERSONAL DATA?<\/strong><br \/>\nNous nous effor\u00e7ons de collecter uniquement les donn\u00e9es personnelles en ad\u00e9quation avec l\u2019objectif pour lequel elles ont \u00e9t\u00e9 collect\u00e9es et de ne pas conserver ces donn\u00e9es plus longtemps que ces objectifs l\u2019exigent. La dur\u00e9e pendant laquelle les donn\u00e9es personnelles sont conserv\u00e9es et les crit\u00e8res qui d\u00e9terminent cette dur\u00e9e d\u00e9pendent de la nature de ces donn\u00e9es personnelles et de l\u2019objectif pour lequel elles ont \u00e9t\u00e9 collect\u00e9es. Par exemple, pour ce qui est des donn\u00e9es en lien avec la gestion de votre compte (comme votre nom, adresse courriel, contenu du compte et pr\u00e9f\u00e9rences), elles sont conserv\u00e9es aussi longtemps que vous les maintenez sur votre compte. Vous pouvez contacter le bureau confidentialit\u00e9 de Europ&rsquo;Agence \u00e0 l\u2019adresse\u00a0contact@europagence.com\u00a0afin d\u2019obtenir un compl\u00e9ment d\u2019information \u00e0 propos de la conservation de vos donn\u00e9es personnelles.<\/p>\n<p><strong>DO WE SHARE YOUR PERSONAL DATA?<\/strong><br \/>\nWe do not sell, rent, or disclose your personal data to third parties.<\/p>\n<p><strong>REQUIRED DISCLOSURES<\/strong><br \/>\nWe may be required by law to disclose your personal data to certain authorities or other third parties, such as law enforcement agencies. We may also disclose and process your personal data in accordance with applicable law to defend the legitimate interests of Europ'Agence, for example in legal proceedings or in connection with government requests and filings.<\/p>\n<p><strong>MERGERS AND ACQUISITIONS<\/strong><br \/>\nIf we decide to sell, merge, or otherwise reorganize our companies in certain countries, this may involve us disclosing personal data to potential or actual buyers and their advisors, or receiving personal data from sellers and their advisors.<\/p>\n<p><strong>HOW TO ADDRESS DATA QUALITY?<\/strong><br \/>\nWe take reasonable measures to keep accurate the personal data we hold and to delete inaccurate or unnecessary personal data.<br \/>\nWe encourage you to access your account to review your personal data from time to time to ensure it is up to date.<\/p>\n<p><strong>WHAT MEASURES ARE TAKEN TO PROTECT YOUR PERSONAL DATA?<\/strong><br \/>\nWe take appropriate measures to address the risk of online security, physical security, data loss, and other risks by considering the risk posed by the processing and the nature of the data being protected. We also limit access to our databases containing personal data to authorized personnel who have a justified need to access this information.<\/p>\n<p><strong>WHAT ARE YOUR RIGHTS?<\/strong><br \/>\nYou have the right to know the personal data we hold about you and to access it. You have the right to request that any incomplete, incorrect, unnecessary, or outdated personal data be updated. You have the right to request the deletion of your personal data and to obtain a copy of your data in a machine-readable format. You have the right to object to or restrict processing in certain circumstances, for example, when you believe the data is inaccurate or the processing activity is illegal. If you reside in a European Union member state or in the European Economic Area, you have the right to lodge a complaint with a supervisory authority regarding our data collection and processing activities.<br \/>\nYou can exercise your rights by contacting us. The data protection legislation in force may contain certain restrictions on the extent to which these rights can be exercised. If a restriction applies, we will respond to your request by explaining the actions that will be taken, as required by the relevant data protection legislation.<\/p>\n<p><strong>COOKIES AND HOW WE USE THEM<\/strong><br \/>\nThis policy explains how Europ\u2019Agence uses cookies, files, and technologies related to cookies on its websites, such as Flash cookies, also known as \"Flash cookies,\" web beacons, etc. We generally refer to these as \"cookies.\"<\/p>\n<p><strong>WHAT ARE COOKIES AND HOW DO THEY WORK?<\/strong><br \/>\nCookies are small files that are sent and stored on your computer by the websites you visit. Cookies are stored in your browser's file directory. During your next visit to the website, your browser will read the cookie and transmit the information back to the website or the element that originated the cookie. To learn more about these technologies and how they work, please refer to websites like allaboutcookies.org.<\/p>\n<p><strong>WHY DOES Europ'Agence USE COOKIES?<\/strong><br \/>\nEurop'Agence uses cookies on its domains to provide you with a smoother experience, and for the reasons outlined below.<\/p>\n<p><strong>BASIC FUNCTIONS.<\/strong><br \/>\nThese cookies are essential for the operation of our websites and to provide you with a seamless experience.<br \/>\nYou can browse uninterrupted thanks to the storage of certain data such as your language and country preferences, while maintaining authentication for secure parts of the domain.<\/p>\n<p><strong>IMPROVEMENT OF THE WEBSITE<\/strong><br \/>\nThese cookies allow us to improve our websites by observing their usage.<br \/>\nWe perform analytical profiling to see, for example, if a particular product is viewed by unique users (to detect its popularity). We also observe the location from which access is made to optimize our sites for our users.<\/p>\n<p><strong>WHAT IS THE LEGAL BASIS FOR PROCESSING YOUR PERSONAL DATA?<\/strong><br \/>\nCookies and tracking pixels are integrated into our site based on your consent. You can also manage your cookie settings from your browser's settings.<\/p>\n<p><strong>HOW CAN I MANAGE COOKIES?<\/strong><br \/>\nYou can modify the available options to manage cookies in your browser. The browser can be used to manage cookies associated with basic functions, site improvement, personalization, and advertising. Different browsers use different methods to disable cookies, but they are generally found in the Tools or Options menu. You can also consult the browser's help menu. In addition to managing cookies, browsers also allow you to control files similar to cookies, such as local shared objects, by enabling the browser's privacy mode.\n\nDisabling cookies may prevent you from using certain sections of Europ\u2019Agence's websites. However, if you delete your browser cookies, you may need to reinstall the cookies you have chosen to disable.<\/p>\n<p><strong>HOW LONG DO WE RETAIN INFORMATION?<\/strong><br \/>\nThis depends on the type of cookies. Session cookies expire when the browser is closed.<\/p>\n<p><strong>WHO IS RESPONSIBLE FOR PROCESSING YOUR PERSONAL DATA?<\/strong><br \/>\nEurop'Agence will be the administrator of your personal data.<br \/>\nYou can find the identity of the administrator and their contact details on the Europ'Agence website.<br \/>\nFor inquiries regarding Europ'Agence's privacy practices, you can contact the following:<br \/>\nEurop&rsquo;Agence &#8211; <p>32, Rue Partouneaux &#8211; 06500 MENTON<\/p>\n<br \/>\nE-mail : contact@europagence.com<\/p>\n<p><strong>CHANGES TO THE PRIVACY POLICY<\/strong><br \/>\nEurop\u2019Agence reserves the right to modify this document and, with or without notice, to block access to our Site at any time, or to change the conditions of access. However, if our Policy were to be modified in a way that might be unfavorable to you, Europ\u2019Agence would publish a warning note at the top of this policy, as well as on the homepage of our Site. We advise you to regularly check our Policy to stay informed of any changes.<\/p>\n\t\t\t\t\t\t\t\t<\/div>\n\t\t\t\t<\/div>\n\t\t\t\t\t<\/div>\n\t\t<\/div>\n\t\t\t\t\t<\/div>\n\t\t<\/article>\n\t\t\t\t<\/div>","protected":false},"excerpt":{"rendered":"<p>PROTECTION DES DONN\u00c9ES RGPD LA PROTECTION DE VOS DONN\u00c9ES CONFIDENTIELLES EST L\u2019UNE DE NOS PR\u00c9OCCUPATIONS. Gemea s\u2019engage \u00e0 respecter votre vie priv\u00e9e ainsi que les l\u00e9gislations applicables sur la protection des donn\u00e9es et la confidentialit\u00e9. Cette politique de confidentialit\u00e9 (\u00ab\u00a0Politique\u00a0\u00bb) d\u00e9crit notre m\u00e9thode de collecte et d\u2019utilisation des donn\u00e9es personnelles lorsque Gemea en est le [&hellip;]<\/p>","protected":false},"author":3,"featured_media":0,"parent":0,"menu_order":0,"comment_status":"closed","ping_status":"closed","template":"","meta":{"footnotes":""},"class_list":["post-3","page","type-page","status-publish","hentry"],"_links":{"self":[{"href":"https:\/\/europagence.com\/ru\/wp-json\/wp\/v2\/pages\/3","targetHints":{"allow":["GET"]}}],"collection":[{"href":"https:\/\/europagence.com\/ru\/wp-json\/wp\/v2\/pages"}],"about":[{"href":"https:\/\/europagence.com\/ru\/wp-json\/wp\/v2\/types\/page"}],"author":[{"embeddable":true,"href":"https:\/\/europagence.com\/ru\/wp-json\/wp\/v2\/users\/3"}],"replies":[{"embeddable":true,"href":"https:\/\/europagence.com\/ru\/wp-json\/wp\/v2\/comments?post=3"}],"version-history":[{"count":3,"href":"https:\/\/europagence.com\/ru\/wp-json\/wp\/v2\/pages\/3\/revisions"}],"predecessor-version":[{"id":734,"href":"https:\/\/europagence.com\/ru\/wp-json\/wp\/v2\/pages\/3\/revisions\/734"}],"wp:attachment":[{"href":"https:\/\/europagence.com\/ru\/wp-json\/wp\/v2\/media?parent=3"}],"curies":[{"name":"wp","href":"https:\/\/api.w.org\/{rel}","templated":true}]}}