{"id":5787,"date":"2021-09-06T15:50:37","date_gmt":"2021-09-06T13:50:37","guid":{"rendered":"https:\/\/farre-immobilier.com\/?page_id=5787"},"modified":"2024-05-03T14:38:16","modified_gmt":"2024-05-03T12:38:16","slug":"notre-agence","status":"publish","type":"page","link":"https:\/\/europagence.com\/it\/notre-agence\/","title":{"rendered":"Notre Agence"},"content":{"rendered":"<div data-elementor-type=\"wp-page\" data-elementor-id=\"5787\" class=\"elementor elementor-5787\" data-elementor-post-type=\"page\">\n\t\t\t\t\t\t<section class=\"elementor-section elementor-top-section elementor-element elementor-element-52091d6 elementor-section-height-min-height elementor-section-items-stretch elementor-section-boxed elementor-section-height-default\" data-id=\"52091d6\" data-element_type=\"section\" data-settings=\"{&quot;background_background&quot;:&quot;classic&quot;}\">\n\t\t\t\t\t\t\t<div class=\"elementor-background-overlay\"><\/div>\n\t\t\t\t\t\t\t<div class=\"elementor-container elementor-column-gap-default\">\n\t\t\t\t\t<div class=\"elementor-column elementor-col-100 elementor-top-column elementor-element elementor-element-e6c876a\" data-id=\"e6c876a\" data-element_type=\"column\">\n\t\t\t<div class=\"elementor-widget-wrap elementor-element-populated\">\n\t\t\t\t\t\t<div class=\"elementor-element elementor-element-150d0bb elementor-widget__width-initial elementor-widget-tablet__width-inherit elementor-widget elementor-widget-heading\" data-id=\"150d0bb\" data-element_type=\"widget\" data-widget_type=\"heading.default\">\n\t\t\t\t<div class=\"elementor-widget-container\">\n\t\t\t\t\t<div class=\"elementor-heading-title elementor-size-default\">Notre Agence<\/div>\t\t\t\t<\/div>\n\t\t\t\t<\/div>\n\t\t\t\t\t<\/div>\n\t\t<\/div>\n\t\t\t\t\t<\/div>\n\t\t<\/section>\n\t\t\t\t<section class=\"elementor-section elementor-top-section elementor-element elementor-element-93f433c elementor-section-boxed elementor-section-height-default elementor-section-height-default\" data-id=\"93f433c\" data-element_type=\"section\" id=\"groupe\" data-settings=\"{&quot;background_background&quot;:&quot;classic&quot;}\">\n\t\t\t\t\t\t<div class=\"elementor-container elementor-column-gap-no\">\n\t\t\t\t\t<div class=\"elementor-column elementor-col-100 elementor-top-column elementor-element elementor-element-f1bfbf9\" data-id=\"f1bfbf9\" data-element_type=\"column\">\n\t\t\t<div class=\"elementor-widget-wrap elementor-element-populated\">\n\t\t\t\t\t\t<div class=\"elementor-element elementor-element-2b9a469 elementor-hidden-desktop elementor-hidden-tablet elementor-hidden-phone elementor-widget elementor-widget-heading\" data-id=\"2b9a469\" data-element_type=\"widget\" data-widget_type=\"heading.default\">\n\t\t\t\t<div class=\"elementor-widget-container\">\n\t\t\t\t\t<h3 class=\"elementor-heading-title elementor-size-default\">A propos de nos Agences : Notre Agence<\/h3>\t\t\t\t<\/div>\n\t\t\t\t<\/div>\n\t\t\t\t<div class=\"elementor-element elementor-element-d2278e0 elementor-widget elementor-widget-text-editor\" data-id=\"d2278e0\" data-element_type=\"widget\" data-widget_type=\"text-editor.default\">\n\t\t\t\t<div class=\"elementor-widget-container\">\n\t\t\t\t\t\t\t\t\t<h1 style=\"text-align: center;\">\u00c0 propos de notre Agence<\/h1><p>EUROP\u2019AGENCE , sp\u00e9cialis\u00e9e dans\u00a0 la vente et la location saisonni\u00e8re de biens de luxe et de standing b\u00e9n\u00e9ficie de plus de 35 ans d\u2019exp\u00e9rience.<br \/><br \/>Armi Helena FORNARI, franco-finlandaise, agent immobilier et licenci\u00e9e en Droit de la Facult\u00e9 de Droit de Nice et ses collaborateurs multilingues proposent les meilleurs services \u00e0 nos clients.<br \/><br \/>Nous parlons fran\u00e7ais, anglais, su\u00e9dois, finnois et italien.<br \/><br \/>Que vous souhaitiez vendre ou acheter une villa ou un appartement ou trouver une location de vacances, EUROP\u2019AGENCE saura trouver une r\u00e9ponse \u00e0 vos besoins.<\/p><div><p>Qu\u2019il s\u2019agisse d\u2019un conseil juridique ou fiscal, EUROP\u2019AGENCE assure des conseils avis\u00e9s en collaboration avec les sp\u00e9cialistes de Droit.<\/p><\/div><p>Professionnalisme et discr\u00e9tion constituent les fondements de notre activit\u00e9.\u00a0<\/p>\t\t\t\t\t\t\t\t<\/div>\n\t\t\t\t<\/div>\n\t\t\t\t<div class=\"elementor-element elementor-element-9c01d17 elementor-widget elementor-widget-image\" data-id=\"9c01d17\" data-element_type=\"widget\" data-widget_type=\"image.default\">\n\t\t\t\t<div class=\"elementor-widget-container\">\n\t\t\t\t\t\t\t\t\t\t\t\t\t\t\t<img fetchpriority=\"high\" decoding=\"async\" width=\"800\" height=\"534\" src=\"https:\/\/europagence.com\/wp-content\/uploads\/2023\/11\/Europ-Agence-2-1024x683.jpg\" class=\"attachment-large size-large wp-image-11015\" alt=\"\" srcset=\"https:\/\/europagence.com\/wp-content\/uploads\/2023\/11\/Europ-Agence-2-1024x683.jpg 1024w, https:\/\/europagence.com\/wp-content\/uploads\/2023\/11\/Europ-Agence-2-300x200.jpg 300w, https:\/\/europagence.com\/wp-content\/uploads\/2023\/11\/Europ-Agence-2-150x100.jpg 150w, https:\/\/europagence.com\/wp-content\/uploads\/2023\/11\/Europ-Agence-2-768x512.jpg 768w, https:\/\/europagence.com\/wp-content\/uploads\/2023\/11\/Europ-Agence-2-1536x1024.jpg 1536w, https:\/\/europagence.com\/wp-content\/uploads\/2023\/11\/Europ-Agence-2.jpg 1920w\" sizes=\"(max-width: 800px) 100vw, 800px\" \/>\t\t\t\t\t\t\t\t\t\t\t\t\t\t\t<\/div>\n\t\t\t\t<\/div>\n\t\t\t\t\t<\/div>\n\t\t<\/div>\n\t\t\t\t\t<\/div>\n\t\t<\/section>\n\t\t\t\t<section class=\"elementor-section elementor-top-section elementor-element elementor-element-f9e946a elementor-section-full_width elementor-section-height-default elementor-section-height-default\" data-id=\"f9e946a\" data-element_type=\"section\">\n\t\t\t\t\t\t<div class=\"elementor-container elementor-column-gap-default\">\n\t\t\t\t\t<div class=\"elementor-column elementor-col-100 elementor-top-column elementor-element elementor-element-6575d41\" data-id=\"6575d41\" data-element_type=\"column\">\n\t\t\t<div class=\"elementor-widget-wrap elementor-element-populated\">\n\t\t\t\t\t\t<div class=\"elementor-element elementor-element-01d7387 elementor-widget elementor-widget-jet-engine-maps-listing\" data-id=\"01d7387\" data-element_type=\"widget\" data-widget_type=\"jet-engine-maps-listing.default\">\n\t\t\t\t<div class=\"elementor-widget-container\">\n\t\t\t\t\t<div class=\"jet-map-listing jet-listing-grid--2866 google-provider\" data-init=\"{&quot;zoomControl&quot;:true,&quot;fullscreenControl&quot;:true,&quot;streetViewControl&quot;:true,&quot;mapTypeControl&quot;:true}\" data-markers=\"[{&quot;id&quot;:9858,&quot;latLang&quot;:{&quot;lat&quot;:43.7747406,&quot;lng&quot;:7.4998516},&quot;label&quot;:false,&quot;custom_marker&quot;:false,&quot;geo_query_distance&quot;:-1}]\" data-general=\"{&quot;api&quot;:&quot;https:\\\/\\\/europagence.com\\\/it\\\/wp-json\\\/jet-engine\\\/v2\\\/get-map-marker-info\\\/&quot;,&quot;restNonce&quot;:&quot;b41e725820&quot;,&quot;listingID&quot;:2866,&quot;source&quot;:&quot;posts&quot;,&quot;width&quot;:250,&quot;offset&quot;:40,&quot;clustererImg&quot;:&quot;https:\\\/\\\/europagence.com\\\/wp-content\\\/plugins\\\/jet-engine\\\/includes\\\/modules\\\/maps-listings\\\/assets\\\/lib\\\/markerclustererplus\\\/img\\\/m&quot;,&quot;marker&quot;:{&quot;type&quot;:&quot;icon&quot;,&quot;html&quot;:&quot;&lt;div class=\\&quot;jet-map-marker jet-map-marker-default apply-fill is-svg-icon\\&quot;&gt;&lt;svg xmlns=\\&quot;http:\\\/\\\/www.w3.org\\\/2000\\\/svg\\&quot; width=\\&quot;512\\&quot; height=\\&quot;512\\&quot; viewBox=\\&quot;0 0 512 512\\&quot; style=\\&quot;background:#014479\\&quot;&gt;&lt;g fill=\\&quot;none\\&quot; fill-rule=\\&quot;evenodd\\&quot;&gt;&lt;path fill=\\&quot;#FFFFFF\\&quot; d=\\&quot;M224.452424,457.513465 L224.452424,475.682226 L40,475.682226 L40,215 L218.132855,215 L218.132855,233.168761 L59.7486535,233.168761 L59.7486535,333.886894 L184.955117,333.886894 L184.955117,352.450628 L59.7486535,352.450628 L59.7486535,457.513465 L224.452424,457.513465 Z M426.283662,393.922801 L301.472172,393.922801 L269.084381,475.682226 L248.150808,475.682226 L352.423698,215 L375.72711,215 L480,475.682226 L459.066427,475.682226 L426.283662,393.922801 Z M419.174147,375.754039 L373.752244,262.001795 L364.27289,234.35368 L363.877917,234.35368 L354.398564,261.211849 L308.976661,375.754039 L419.174147,375.754039 Z\\&quot;&gt;&lt;\\\/path&gt;&lt;polygon fill=\\&quot;#FFDD00\\&quot; fill-rule=\\&quot;nonzero\\&quot; points=\\&quot;259.5 27 274.117 74.669 322 74.669 283.19 104.331 298.31 152 259.5 122.869 220.69 152 235.81 104.331 197 74.669 244.883 74.669\\&quot;&gt;&lt;\\\/polygon&gt;&lt;polygon fill=\\&quot;#FFDD00\\&quot; fill-rule=\\&quot;nonzero\\&quot; points=\\&quot;76.5 70 91.117 117.669 139 117.669 100.19 147.331 115.31 195 76.5 165.869 37.69 195 52.81 147.331 14 117.669 61.883 117.669\\&quot;&gt;&lt;\\\/polygon&gt;&lt;polygon fill=\\&quot;#FFDD00\\&quot; fill-rule=\\&quot;nonzero\\&quot; points=\\&quot;429.5 70 444.117 117.669 492 117.669 453.19 147.331 468.31 195 429.5 165.869 390.69 195 405.81 147.331 367 117.669 414.883 117.669\\&quot;&gt;&lt;\\\/polygon&gt;&lt;\\\/g&gt;&lt;\\\/svg&gt;&lt;\\\/div&gt;&quot;},&quot;autoCenter&quot;:true,&quot;maxZoom&quot;:14,&quot;minZoom&quot;:false,&quot;customCenter&quot;:false,&quot;customZoom&quot;:11,&quot;popupPreloader&quot;:false,&quot;querySeparator&quot;:&quot;?&quot;,&quot;markerClustering&quot;:false,&quot;clusterMaxZoom&quot;:&quot;&quot;,&quot;clusterRadius&quot;:&quot;&quot;,&quot;popupOpenOn&quot;:&quot;click&quot;,&quot;centeringOnOpen&quot;:false,&quot;zoomOnOpen&quot;:false,&quot;advanced&quot;:{&quot;zoom_control&quot;:&quot;auto&quot;},&quot;user_location_enabled&quot;:false,&quot;user_location_marker&quot;:false,&quot;user_location_label&quot;:&quot;&quot;}\" data-listing-source=\"posts\" data-queried-id=\"5787|WP_Post\"><\/div>\t\t\t\t<\/div>\n\t\t\t\t<\/div>\n\t\t\t\t\t<\/div>\n\t\t<\/div>\n\t\t\t\t\t<\/div>\n\t\t<\/section>\n\t\t\t\t<section class=\"elementor-section elementor-top-section elementor-element elementor-element-b05bc96 elementor-section-boxed elementor-section-height-default elementor-section-height-default\" data-id=\"b05bc96\" data-element_type=\"section\" id=\"honoraires\" data-settings=\"{&quot;background_background&quot;:&quot;classic&quot;}\">\n\t\t\t\t\t\t<div class=\"elementor-container elementor-column-gap-no\">\n\t\t\t\t\t<div class=\"elementor-column elementor-col-100 elementor-top-column elementor-element elementor-element-338e239\" data-id=\"338e239\" data-element_type=\"column\">\n\t\t\t<div class=\"elementor-widget-wrap elementor-element-populated\">\n\t\t\t\t\t\t<div class=\"elementor-element elementor-element-34b1d16 elementor-widget elementor-widget-heading\" data-id=\"34b1d16\" data-element_type=\"widget\" data-widget_type=\"heading.default\">\n\t\t\t\t<div class=\"elementor-widget-container\">\n\t\t\t\t\t<h2 class=\"elementor-heading-title elementor-size-default\">Nos honoraires<\/h2>\t\t\t\t<\/div>\n\t\t\t\t<\/div>\n\t\t\t\t<div class=\"elementor-element elementor-element-784fb54 elementor-widget elementor-widget-price-list\" data-id=\"784fb54\" data-element_type=\"widget\" data-widget_type=\"price-list.default\">\n\t\t\t\t<div class=\"elementor-widget-container\">\n\t\t\t\t\t\n\t\t<ul class=\"elementor-price-list\">\n\n\t\t\t\t\t\t\t\t\t<li><a class=\"elementor-price-list-item\" href=\"#\">\t\t\t\t\n\t\t\t\t<div class=\"elementor-price-list-text\">\n\t\t\t\t\t\t\t\t\t<div class=\"elementor-price-list-header\">\n\t\t\t\t\t\t\t\t\t\t\t<span class=\"elementor-price-list-title\">\n\t\t\t\t\t\t\tAppartements, maisons\t\t\t\t\t\t<\/span>\n\t\t\t\t\t\t\t\t\t\t\t\t\t\t\t\t\t\t<span class=\"elementor-price-list-separator\"><\/span>\n\t\t\t\t\t\t\t\t\t\t\t\t\t\t\t\t\t\t\t<span class=\"elementor-price-list-price\">6% TTC<\/span>\n\t\t\t\t\t\t\t\t\t\t<\/div>\n\t\t\t\t\t\t\t\t\t\t\t\t\t\t\t<p class=\"elementor-price-list-description\">\n\t\t\t\t\t\t\tA la charge du vendeur\t\t\t\t\t\t<\/p>\n\t\t\t\t\t\t\t\t<\/div>\n\t\t\t\t<\/a><\/li>\t\t\t\t\t\t\t\t\t\t\t\t<li><a class=\"elementor-price-list-item\" href=\"#\">\t\t\t\t\n\t\t\t\t<div class=\"elementor-price-list-text\">\n\t\t\t\t\t\t\t\t\t<div class=\"elementor-price-list-header\">\n\t\t\t\t\t\t\t\t\t\t\t<span class=\"elementor-price-list-title\">\n\t\t\t\t\t\t\tTerrains\t\t\t\t\t\t<\/span>\n\t\t\t\t\t\t\t\t\t\t\t\t\t\t\t\t\t\t<span class=\"elementor-price-list-separator\"><\/span>\n\t\t\t\t\t\t\t\t\t\t\t\t\t\t\t\t\t\t\t<span class=\"elementor-price-list-price\">10% TTC<\/span>\n\t\t\t\t\t\t\t\t\t\t<\/div>\n\t\t\t\t\t\t\t\t\t\t\t\t\t\t\t<p class=\"elementor-price-list-description\">\n\t\t\t\t\t\t\tA la charge du vendeur\t\t\t\t\t\t<\/p>\n\t\t\t\t\t\t\t\t<\/div>\n\t\t\t\t<\/a><\/li>\t\t\t\t\t\t\t\t\t\t\t\t<li><a class=\"elementor-price-list-item\" href=\"#\">\t\t\t\t\n\t\t\t\t<div class=\"elementor-price-list-text\">\n\t\t\t\t\t\t\t\t\t<div class=\"elementor-price-list-header\">\n\t\t\t\t\t\t\t\t\t\t\t<span class=\"elementor-price-list-title\">\n\t\t\t\t\t\t\tLocations saisonnie\u0300res\t\t\t\t\t\t<\/span>\n\t\t\t\t\t\t\t\t\t\t\t\t\t\t\t\t\t\t<span class=\"elementor-price-list-separator\"><\/span>\n\t\t\t\t\t\t\t\t\t\t\t\t\t\t\t\t\t\t\t<span class=\"elementor-price-list-price\">20% TTC<\/span>\n\t\t\t\t\t\t\t\t\t\t<\/div>\n\t\t\t\t\t\t\t\t\t\t\t\t\t\t\t<p class=\"elementor-price-list-description\">\n\t\t\t\t\t\t\tA la charge du propri\u00e9taire\t\t\t\t\t\t<\/p>\n\t\t\t\t\t\t\t\t<\/div>\n\t\t\t\t<\/a><\/li>\t\t\t\t\t\n\t\t<\/ul>\n\n\t\t\t\t\t\t<\/div>\n\t\t\t\t<\/div>\n\t\t\t\t\t<\/div>\n\t\t<\/div>\n\t\t\t\t\t<\/div>\n\t\t<\/section>\n\t\t\t\t<\/div>","protected":false},"excerpt":{"rendered":"<p>Notre Agence \u00c0 propos de notre Agence EUROP\u2019AGENCE , sp\u00e9cialis\u00e9e dans\u00a0 la vente et la location saisonni\u00e8re de biens de luxe et de standing b\u00e9n\u00e9ficie de plus de 35 ans d\u2019exp\u00e9rience. Armi Helena FORNARI, franco-finlandaise, agent immobilier et licenci\u00e9e en Droit de la Facult\u00e9 de Droit de Nice et ses collaborateurs multilingues proposent les meilleurs [&hellip;]<\/p>","protected":false},"author":3,"featured_media":0,"parent":0,"menu_order":0,"comment_status":"closed","ping_status":"closed","template":"","meta":{"footnotes":""},"class_list":["post-5787","page","type-page","status-publish","hentry"],"_links":{"self":[{"href":"https:\/\/europagence.com\/it\/wp-json\/wp\/v2\/pages\/5787","targetHints":{"allow":["GET"]}}],"collection":[{"href":"https:\/\/europagence.com\/it\/wp-json\/wp\/v2\/pages"}],"about":[{"href":"https:\/\/europagence.com\/it\/wp-json\/wp\/v2\/types\/page"}],"author":[{"embeddable":true,"href":"https:\/\/europagence.com\/it\/wp-json\/wp\/v2\/users\/3"}],"replies":[{"embeddable":true,"href":"https:\/\/europagence.com\/it\/wp-json\/wp\/v2\/comments?post=5787"}],"version-history":[{"count":3,"href":"https:\/\/europagence.com\/it\/wp-json\/wp\/v2\/pages\/5787\/revisions"}],"predecessor-version":[{"id":12304,"href":"https:\/\/europagence.com\/it\/wp-json\/wp\/v2\/pages\/5787\/revisions\/12304"}],"wp:attachment":[{"href":"https:\/\/europagence.com\/it\/wp-json\/wp\/v2\/media?parent=5787"}],"curies":[{"name":"wp","href":"https:\/\/api.w.org\/{rel}","templated":true}]}}