{"id":12188,"date":"2023-12-08T11:45:30","date_gmt":"2023-12-08T10:45:30","guid":{"rendered":"https:\/\/staging.europagence.com\/?page_id=12188"},"modified":"2024-05-03T14:40:33","modified_gmt":"2024-05-03T12:40:33","slug":"nos-services","status":"publish","type":"page","link":"https:\/\/europagence.com\/it\/nos-services\/","title":{"rendered":"Nos Services"},"content":{"rendered":"<div data-elementor-type=\"wp-page\" data-elementor-id=\"12188\" class=\"elementor elementor-12188\" data-elementor-post-type=\"page\">\n\t\t\t\t\t\t<section class=\"elementor-section elementor-top-section elementor-element elementor-element-16793ed elementor-section-height-min-height elementor-section-items-stretch elementor-section-boxed elementor-section-height-default\" data-id=\"16793ed\" data-element_type=\"section\" data-settings=\"{&quot;background_background&quot;:&quot;classic&quot;}\">\n\t\t\t\t\t\t\t<div class=\"elementor-background-overlay\"><\/div>\n\t\t\t\t\t\t\t<div class=\"elementor-container elementor-column-gap-default\">\n\t\t\t\t\t<div class=\"elementor-column elementor-col-100 elementor-top-column elementor-element elementor-element-f263a29\" data-id=\"f263a29\" data-element_type=\"column\">\n\t\t\t<div class=\"elementor-widget-wrap elementor-element-populated\">\n\t\t\t\t\t\t<div class=\"elementor-element elementor-element-bb069eb elementor-widget__width-initial elementor-widget-tablet__width-inherit elementor-widget elementor-widget-heading\" data-id=\"bb069eb\" data-element_type=\"widget\" data-widget_type=\"heading.default\">\n\t\t\t\t<div class=\"elementor-widget-container\">\n\t\t\t\t\t<div class=\"elementor-heading-title elementor-size-default\">Nos Services<\/div>\t\t\t\t<\/div>\n\t\t\t\t<\/div>\n\t\t\t\t\t<\/div>\n\t\t<\/div>\n\t\t\t\t\t<\/div>\n\t\t<\/section>\n\t\t\t\t<section class=\"elementor-section elementor-top-section elementor-element elementor-element-7639ea5 elementor-section-boxed elementor-section-height-default elementor-section-height-default\" data-id=\"7639ea5\" data-element_type=\"section\">\n\t\t\t\t\t\t<div class=\"elementor-container elementor-column-gap-no\">\n\t\t\t\t\t<div class=\"elementor-column elementor-col-100 elementor-top-column elementor-element elementor-element-d181908\" data-id=\"d181908\" data-element_type=\"column\">\n\t\t\t<div class=\"elementor-widget-wrap elementor-element-populated\">\n\t\t\t\t\t\t<div class=\"elementor-element elementor-element-d8c27cf elementor-hidden-desktop elementor-hidden-tablet elementor-hidden-phone elementor-widget elementor-widget-heading\" data-id=\"d8c27cf\" data-element_type=\"widget\" data-widget_type=\"heading.default\">\n\t\t\t\t<div class=\"elementor-widget-container\">\n\t\t\t\t\t<h3 class=\"elementor-heading-title elementor-size-default\">A propos de nos Agences : Nos Services<\/h3>\t\t\t\t<\/div>\n\t\t\t\t<\/div>\n\t\t\t\t<div class=\"elementor-element elementor-element-df020fa elementor-widget elementor-widget-text-editor\" data-id=\"df020fa\" data-element_type=\"widget\" data-widget_type=\"text-editor.default\">\n\t\t\t\t<div class=\"elementor-widget-container\">\n\t\t\t\t\t\t\t\t\t<h1 style=\"text-align: center;\">Nos Services<\/h1><p style=\"font-weight: 400;\">EUROP\u2019AGENCE , sp\u00e9cialis\u00e9e dans\u00a0 la vente et la location saisonni\u00e8re de biens de luxe et de standing b\u00e9n\u00e9ficie de plus de 35 ans d\u2019exp\u00e9rience.<\/p><p style=\"font-weight: 400;\">Armi Helena FORNARI ,\u00a0 franco-finlandaise\u00a0, agent immobilier et licenci\u00e9e en\u00a0 Droit de la Facult\u00e9 de Droit de NICE et ses collaborateurs multilingues proposent les meilleurs services \u00e0 nos clients.<\/p><p style=\"font-weight: 400;\">Que vous souhaitiez vendre ou acheter une villa ou un appartement ou trouver une location de vacances, EUROP\u2019AGENCE saura trouver une r\u00e9ponse \u00e0 vos besoins.<\/p><p style=\"font-weight: 400;\">Pour nous, une vente et une location est bien plus qu\u2019une affaire de transaction. Nous aidons nos clients dans le processus de vente ou d\u2019achat durant toutes les \u00e9tapes.<\/p><p style=\"font-weight: 400;\">Nous parlons fran\u00e7ais, anglais, su\u00e9dois, finnois et italien.<\/p><p style=\"font-weight: 400;\">Qu\u2019il s\u2019agisse d\u2019un conseil juridique ou fiscal, EUROP\u2019AGENCE assure des conseils avis\u00e9s en collaboration avec les sp\u00e9cialistes de Droit.<\/p><p style=\"font-weight: 400;\">Nous vous aidons de trouver les\u00a0 architectes et les entreprises de r\u00e9novation.<\/p><p style=\"font-weight: 400;\">Notre service conciergerie pour les locations saisonni\u00e8res assure vos vacances sans probl\u00e8me. On se charge de tout !<\/p><p style=\"font-weight: 400;\">Professionnalisme et discr\u00e9tion constituent les fondements de notre activit\u00e9.<\/p>\t\t\t\t\t\t\t\t<\/div>\n\t\t\t\t<\/div>\n\t\t\t\t<div class=\"elementor-element elementor-element-da8c1a8 elementor-cta--layout-image-above elementor-cta--skin-classic elementor-animated-content elementor-widget elementor-widget-call-to-action\" data-id=\"da8c1a8\" data-element_type=\"widget\" data-widget_type=\"call-to-action.default\">\n\t\t\t\t<div class=\"elementor-widget-container\">\n\t\t\t\t\t\t\t<div class=\"elementor-cta\">\n\t\t\t\t\t<div class=\"elementor-cta__bg-wrapper\">\n\t\t\t\t<div class=\"elementor-cta__bg elementor-bg\" style=\"background-image: url(https:\/\/europagence.com\/wp-content\/uploads\/2024\/02\/istockphoto-1057613520-612x612-1.jpg);\" role=\"img\" aria-label=\"Good service cooperation, Consultation of Businesswoman and Male lawyer or judge counselor having team meeting with client, Law and Legal services concept.\"><\/div>\n\t\t\t\t<div class=\"elementor-cta__bg-overlay\"><\/div>\n\t\t\t<\/div>\n\t\t\t\t\t\t\t<div class=\"elementor-cta__content\">\n\t\t\t\t\n\t\t\t\t\t\t\t\t\t<h2 class=\"elementor-cta__title elementor-cta__content-item elementor-content-item\">\n\t\t\t\t\t\tDes ventes pour les \u00e9trangers\t\t\t\t\t<\/h2>\n\t\t\t\t\n\t\t\t\t\t\t\t\t\t<div class=\"elementor-cta__description elementor-cta__content-item elementor-content-item\">\n\t\t\t\t\t\tEUROP\u2019AGENCE , sp\u00e9cialis\u00e9e dans les transactions pour les \u00e9trangers aide dans le processus durant toutes les \u00e9tapes :\n<br><br>1.\tSignature d\u2019une offre d\u2019achat ou d\u2019un mandat en cas de vente.\n<br>2.\tLes diagnostics techniques par un professionnel\n<br>3.\tLe choix du notaire . Le notaire est le seul professionnel de Droit habilit\u00e9 \u00e0 certifier la vente ou l\u2019achat, ainsi que les donations entre vifs et  de r\u00e9gler  les successions.\n<br>4.\tCompromis de vente ou la promesse de vente peut \u00eatre \u00e9tabli par le notaire ou l\u2019agent immobilier et comprend toutes les conditions : le prix de vente, la date d\u2019entr\u00e9e en jouissance,  les conditions de pr\u00eat, les conditions suspensives, les frais de mutation et les charges de la copropri\u00e9t\u00e9, les taxes et frais, les honoraires d\u2019agence et du notaire, le d\u00e9lai de r\u00e9tractation et le paiement de d\u00e9p\u00f4t de garantie.\n<br>5.\tSignature de l\u2019acte authentique de vente\n<br><br>Le notaire assure  et certifie la vente ou d\u2019achat en g\u00e9n\u00e9ral 2 ou 3 mois apr\u00e8s la signature du compromis de vente. Le m\u00eame jour aura lieu l\u2019entr\u00e9e en jouissance et la remise des cl\u00e9s.\nLe notaire envoie les formalit\u00e9s de publicit\u00e9 au Bureau de la Conservation des Hypoth\u00e8ques.\n\n<br><br>EUROP\u2019AGENCE aide ses clients dans les d\u00e9marches administratives, annulations ou souscriptions des abonnements d\u2019\u00e9lectricit\u00e9, internet etc. \n\n<br><br>Notre r\u00e9seau de sp\u00e9cialistes est \u00e0 votre service : notaires, avocats, banques, comptables, constructeurs, architectes, entreprises de r\u00e9novation, compagnies d\u2019assurance, diagnostiqueurs, nettoyage, chefs priv\u00e9s, transporteurs etc.\n\t\t\t\t\t<\/div>\n\t\t\t\t\n\t\t\t\t\t\t\t\t\t<div class=\"elementor-cta__button-wrapper elementor-cta__content-item elementor-content-item\">\n\t\t\t\t\t<a class=\"elementor-cta__button elementor-button elementor-size-\" href=\"https:\/\/europagence.com\/it\/contact\/\">\n\t\t\t\t\t\tNous contacter\t\t\t\t\t<\/a>\n\t\t\t\t\t<\/div>\n\t\t\t\t\t\t\t<\/div>\n\t\t\t\t\t\t<\/div>\n\t\t\t\t\t\t<\/div>\n\t\t\t\t<\/div>\n\t\t\t\t<div class=\"elementor-element elementor-element-bec00cc elementor-cta--layout-image-right elementor-cta--mobile-layout-image-above elementor-cta--skin-classic elementor-animated-content elementor-widget elementor-widget-call-to-action\" data-id=\"bec00cc\" data-element_type=\"widget\" data-widget_type=\"call-to-action.default\">\n\t\t\t\t<div class=\"elementor-widget-container\">\n\t\t\t\t\t\t\t<div class=\"elementor-cta\">\n\t\t\t\t\t<div class=\"elementor-cta__bg-wrapper\">\n\t\t\t\t<div class=\"elementor-cta__bg elementor-bg\" style=\"background-image: url(https:\/\/europagence.com\/wp-content\/uploads\/2024\/02\/istockphoto-1130220121-612x612-1.jpg);\" role=\"img\" aria-label=\"Close-up Of A Businessman&#039;s Hand Holding Magnifying Glass Over House Model Over Desk\"><\/div>\n\t\t\t\t<div class=\"elementor-cta__bg-overlay\"><\/div>\n\t\t\t<\/div>\n\t\t\t\t\t\t\t<div class=\"elementor-cta__content\">\n\t\t\t\t\n\t\t\t\t\t\t\t\t\t<h2 class=\"elementor-cta__title elementor-cta__content-item elementor-content-item\">\n\t\t\t\t\t\tR\u00e9novation\t\t\t\t\t<\/h2>\n\t\t\t\t\n\t\t\t\t\t\t\t\t\t<div class=\"elementor-cta__description elementor-cta__content-item elementor-content-item\">\n\t\t\t\t\t\tPour nos clients qui souhaitent r\u00e9nover, agrandir, construire, nous vous pr\u00e9sentons les bureaux d\u2019\u00e9tudes avec architectes et les entreprises professionnelles qui vous assurent le conseil et la conception du projet jusqu\u2019au parfait ach\u00e8vement de vos travaux :\n<br><br>- R\u00e9alisation des \u00e9tudes de faisabilit\u00e9 et d\u2019ex\u00e9cution\n<br>- Participation aux r\u00e9unions de chantier\n<br>- Conseil et aide \u00e0 la prise de d\u00e9cision\t\t\t\t\t<\/div>\n\t\t\t\t\n\t\t\t\t\t\t\t\t\t<div class=\"elementor-cta__button-wrapper elementor-cta__content-item elementor-content-item\">\n\t\t\t\t\t<a class=\"elementor-cta__button elementor-button elementor-size-\" href=\"https:\/\/europagence.com\/it\/contact\/\">\n\t\t\t\t\t\tNous contacter\t\t\t\t\t<\/a>\n\t\t\t\t\t<\/div>\n\t\t\t\t\t\t\t<\/div>\n\t\t\t\t\t\t<\/div>\n\t\t\t\t\t\t<\/div>\n\t\t\t\t<\/div>\n\t\t\t\t<div class=\"elementor-element elementor-element-4e47954 elementor-cta--layout-image-left elementor-cta--mobile-layout-image-above elementor-cta--skin-classic elementor-animated-content elementor-widget elementor-widget-call-to-action\" data-id=\"4e47954\" data-element_type=\"widget\" data-widget_type=\"call-to-action.default\">\n\t\t\t\t<div class=\"elementor-widget-container\">\n\t\t\t\t\t\t\t<div class=\"elementor-cta\">\n\t\t\t\t\t<div class=\"elementor-cta__bg-wrapper\">\n\t\t\t\t<div class=\"elementor-cta__bg elementor-bg\" style=\"background-image: url(https:\/\/europagence.com\/wp-content\/uploads\/2024\/02\/istockphoto-889512924-612x612-1.jpg);\" role=\"img\" aria-label=\"Cropped shot of a businessman and businesswoman shaking hands in a modern office\"><\/div>\n\t\t\t\t<div class=\"elementor-cta__bg-overlay\"><\/div>\n\t\t\t<\/div>\n\t\t\t\t\t\t\t<div class=\"elementor-cta__content\">\n\t\t\t\t\n\t\t\t\t\t\t\t\t\t<h2 class=\"elementor-cta__title elementor-cta__content-item elementor-content-item\">\n\t\t\t\t\t\tConciergerie\t\t\t\t\t<\/h2>\n\t\t\t\t\n\t\t\t\t\t\t\t\t\t<div class=\"elementor-cta__description elementor-cta__content-item elementor-content-item\">\n\t\t\t\t\t\tAll inclusive\nOn se charge de tout !\n<br><br>20 % \/ location (7 nuit\u00e9es minimum)\n<br><br>ACCUEIL\/ DEPART DES LOCATAIRES\n<br><br>Check in\/ check out \u2013 Etat des lieux\n<br><br>M\u00e9nage\n \n<br><br>Maintenance (sur devis)\n\t\t\t\t\t<\/div>\n\t\t\t\t\n\t\t\t\t\t\t\t\t\t<div class=\"elementor-cta__button-wrapper elementor-cta__content-item elementor-content-item\">\n\t\t\t\t\t<a class=\"elementor-cta__button elementor-button elementor-size-\" href=\"https:\/\/europagence.com\/it\/contact\/\">\n\t\t\t\t\t\tNous contacter\t\t\t\t\t<\/a>\n\t\t\t\t\t<\/div>\n\t\t\t\t\t\t\t<\/div>\n\t\t\t\t\t\t<\/div>\n\t\t\t\t\t\t<\/div>\n\t\t\t\t<\/div>\n\t\t\t\t\t<\/div>\n\t\t<\/div>\n\t\t\t\t\t<\/div>\n\t\t<\/section>\n\t\t\t\t<\/div>","protected":false},"excerpt":{"rendered":"<p>Nos Services Nos Services EUROP\u2019AGENCE , sp\u00e9cialis\u00e9e dans\u00a0 la vente et la location saisonni\u00e8re de biens de luxe et de standing b\u00e9n\u00e9ficie de plus de 35 ans d\u2019exp\u00e9rience. Armi Helena FORNARI ,\u00a0 franco-finlandaise\u00a0, agent immobilier et licenci\u00e9e en\u00a0 Droit de la Facult\u00e9 de Droit de NICE et ses collaborateurs multilingues proposent les meilleurs services \u00e0 [&hellip;]<\/p>","protected":false},"author":3,"featured_media":0,"parent":0,"menu_order":0,"comment_status":"closed","ping_status":"closed","template":"","meta":{"footnotes":""},"class_list":["post-12188","page","type-page","status-publish","hentry"],"_links":{"self":[{"href":"https:\/\/europagence.com\/it\/wp-json\/wp\/v2\/pages\/12188","targetHints":{"allow":["GET"]}}],"collection":[{"href":"https:\/\/europagence.com\/it\/wp-json\/wp\/v2\/pages"}],"about":[{"href":"https:\/\/europagence.com\/it\/wp-json\/wp\/v2\/types\/page"}],"author":[{"embeddable":true,"href":"https:\/\/europagence.com\/it\/wp-json\/wp\/v2\/users\/3"}],"replies":[{"embeddable":true,"href":"https:\/\/europagence.com\/it\/wp-json\/wp\/v2\/comments?post=12188"}],"version-history":[{"count":3,"href":"https:\/\/europagence.com\/it\/wp-json\/wp\/v2\/pages\/12188\/revisions"}],"predecessor-version":[{"id":12609,"href":"https:\/\/europagence.com\/it\/wp-json\/wp\/v2\/pages\/12188\/revisions\/12609"}],"wp:attachment":[{"href":"https:\/\/europagence.com\/it\/wp-json\/wp\/v2\/media?parent=12188"}],"curies":[{"name":"wp","href":"https:\/\/api.w.org\/{rel}","templated":true}]}}