{"id":12188,"date":"2023-12-08T11:45:30","date_gmt":"2023-12-08T10:45:30","guid":{"rendered":"https:\/\/staging.europagence.com\/?page_id=12188"},"modified":"2024-05-03T14:40:33","modified_gmt":"2024-05-03T12:40:33","slug":"our-services","status":"publish","type":"page","link":"https:\/\/europagence.com\/en\/our-services\/","title":{"rendered":"OUR SERVICES"},"content":{"rendered":"<div data-elementor-type=\"wp-page\" data-elementor-id=\"12188\" class=\"elementor elementor-12188\" data-elementor-post-type=\"page\">\n\t\t\t\t\t\t<section class=\"elementor-section elementor-top-section elementor-element elementor-element-16793ed elementor-section-height-min-height elementor-section-items-stretch elementor-section-boxed elementor-section-height-default\" data-id=\"16793ed\" data-element_type=\"section\" data-settings=\"{&quot;background_background&quot;:&quot;classic&quot;}\">\n\t\t\t\t\t\t\t<div class=\"elementor-background-overlay\"><\/div>\n\t\t\t\t\t\t\t<div class=\"elementor-container elementor-column-gap-default\">\n\t\t\t\t\t<div class=\"elementor-column elementor-col-100 elementor-top-column elementor-element elementor-element-f263a29\" data-id=\"f263a29\" data-element_type=\"column\">\n\t\t\t<div class=\"elementor-widget-wrap elementor-element-populated\">\n\t\t\t\t\t\t<div class=\"elementor-element elementor-element-bb069eb elementor-widget__width-initial elementor-widget-tablet__width-inherit elementor-widget elementor-widget-heading\" data-id=\"bb069eb\" data-element_type=\"widget\" data-widget_type=\"heading.default\">\n\t\t\t\t<div class=\"elementor-widget-container\">\n\t\t\t\t\t<div class=\"elementor-heading-title elementor-size-default\">OUR SERVICES<\/div>\t\t\t\t<\/div>\n\t\t\t\t<\/div>\n\t\t\t\t\t<\/div>\n\t\t<\/div>\n\t\t\t\t\t<\/div>\n\t\t<\/section>\n\t\t\t\t<section class=\"elementor-section elementor-top-section elementor-element elementor-element-7639ea5 elementor-section-boxed elementor-section-height-default elementor-section-height-default\" data-id=\"7639ea5\" data-element_type=\"section\">\n\t\t\t\t\t\t<div class=\"elementor-container elementor-column-gap-no\">\n\t\t\t\t\t<div class=\"elementor-column elementor-col-100 elementor-top-column elementor-element elementor-element-d181908\" data-id=\"d181908\" data-element_type=\"column\">\n\t\t\t<div class=\"elementor-widget-wrap elementor-element-populated\">\n\t\t\t\t\t\t<div class=\"elementor-element elementor-element-d8c27cf elementor-hidden-desktop elementor-hidden-tablet elementor-hidden-phone elementor-widget elementor-widget-heading\" data-id=\"d8c27cf\" data-element_type=\"widget\" data-widget_type=\"heading.default\">\n\t\t\t\t<div class=\"elementor-widget-container\">\n\t\t\t\t\t<h3 class=\"elementor-heading-title elementor-size-default\">A propos de nos Agences : Nos Services<\/h3>\t\t\t\t<\/div>\n\t\t\t\t<\/div>\n\t\t\t\t<div class=\"elementor-element elementor-element-df020fa elementor-widget elementor-widget-text-editor\" data-id=\"df020fa\" data-element_type=\"widget\" data-widget_type=\"text-editor.default\">\n\t\t\t\t<div class=\"elementor-widget-container\">\n\t\t\t\t\t\t\t\t\t<h1 style=\"text-align: center;\">OUR SERVICES<\/h1><p style=\"font-weight: 400;\">EUROP'AGENCE is specialised over 35 years  in the sale and seasonal rental of luxury properties.<\/p><p style=\"font-weight: 400;\">Armi Helena FORNARI ,  Franco-Finnish estate agent  offers a multi lingual service to include French, English, Swedish, Finnish and Italian. Recipient of a Law degree from the Nice University, ARMI and her collaborators offer a professional service.<\/p><p style=\"font-weight: 400;\">Whether you want to buy or sell a villa or an apartment or find a holiday rental, EUROP'AGENCE can meet your needs.<\/p><p style=\"font-weight: 400;\">For us , selling and renting is more than just a transaction. We help our customers throughout the entire buying and selling process.<\/p><p style=\"font-weight: 400;\">We speak french, english, swedish, finnish and italian.<\/p><p style=\"font-weight: 400;\">For your need we provide legal and tax advice in collaboration with legal specialists.<\/p><p style=\"font-weight: 400;\">We help you find architects and renovation compagnies.<\/p><p style=\"font-weight: 400;\">Our Conciergerie service for seasonal rentals ensures your holidays are trouble-free. We'll take care of everything !<\/p><p style=\"font-weight: 400;\">Professionalism and discretion are at the heart of our business.<\/p>\t\t\t\t\t\t\t\t<\/div>\n\t\t\t\t<\/div>\n\t\t\t\t<div class=\"elementor-element elementor-element-da8c1a8 elementor-cta--layout-image-above elementor-cta--skin-classic elementor-animated-content elementor-widget elementor-widget-call-to-action\" data-id=\"da8c1a8\" data-element_type=\"widget\" data-widget_type=\"call-to-action.default\">\n\t\t\t\t<div class=\"elementor-widget-container\">\n\t\t\t\t\t\t\t<div class=\"elementor-cta\">\n\t\t\t\t\t<div class=\"elementor-cta__bg-wrapper\">\n\t\t\t\t<div class=\"elementor-cta__bg elementor-bg\" style=\"background-image: url(https:\/\/europagence.com\/wp-content\/uploads\/2024\/02\/istockphoto-1057613520-612x612-1.jpg);\" role=\"img\" aria-label=\"Good service cooperation, Consultation of Businesswoman and Male lawyer or judge counselor having team meeting with client, Law and Legal services concept.\"><\/div>\n\t\t\t\t<div class=\"elementor-cta__bg-overlay\"><\/div>\n\t\t\t<\/div>\n\t\t\t\t\t\t\t<div class=\"elementor-cta__content\">\n\t\t\t\t\n\t\t\t\t\t\t\t\t\t<h2 class=\"elementor-cta__title elementor-cta__content-item elementor-content-item\">\n\t\t\t\t\t\tBUYING AND SELLING FOR FOREIGNERS\t\t\t\t\t<\/h2>\n\t\t\t\t\n\t\t\t\t\t\t\t\t\t<div class=\"elementor-cta__description elementor-cta__content-item elementor-content-item\">\n\t\t\t\t\t\tEUROP\u2019AGENCE  is specialised in transactions for foreigners and can help you at every stage of the process :\n<br><br>1. EUROP\u2019AGENCE  is specialised in transactions for foreigners and can help you at every stage of the process :\n<br>2. Technical diagnostics carried out by a professional.\n<br>3. Choosing a notary. The notary is the only legal professional authorised to certify the sale or purchase, inter vivos gifts and to settle inheritances.\n<br>4. The pre-sale agreement or the undertaking to sell can be drawnup by the notary or the estate agent and include all terms and conditions : sale price, date of taking possession, loan conditions, conditions precedent, transfert fees and condominium charges, taxes and fees, agency and notary fees, right to withdraw and payment of security deposit.\n<br>5. Signature of the deed of sale.\n<br><br>The notary ensures and certifies the sale or purchase, usually 2 or 3 months after signing the pre-sale agreement. Transfer of the title and handover of the keys take place on the same day.\nThe notary sends the formalities for registering the property to the Land Registry Office.\n\n<br><br>EUROP\u2019AGENCE helps its customers with the administrative formalities, cancellations and subscriptions to utilities, internet services etc. \n\n<br><br>Our network of specialists is at your service : notaries, lawyers, banks, accountants, builders, architects, renovation companies, insurance companies, surveyors, cleaning companies, private chefs, carriers, etc.\n\t\t\t\t\t<\/div>\n\t\t\t\t\n\t\t\t\t\t\t\t\t\t<div class=\"elementor-cta__button-wrapper elementor-cta__content-item elementor-content-item\">\n\t\t\t\t\t<a class=\"elementor-cta__button elementor-button elementor-size-\" href=\"https:\/\/europagence.com\/en\/contact\/\">\n\t\t\t\t\t\tCONTACT US\t\t\t\t\t<\/a>\n\t\t\t\t\t<\/div>\n\t\t\t\t\t\t\t<\/div>\n\t\t\t\t\t\t<\/div>\n\t\t\t\t\t\t<\/div>\n\t\t\t\t<\/div>\n\t\t\t\t<div class=\"elementor-element elementor-element-bec00cc elementor-cta--layout-image-right elementor-cta--mobile-layout-image-above elementor-cta--skin-classic elementor-animated-content elementor-widget elementor-widget-call-to-action\" data-id=\"bec00cc\" data-element_type=\"widget\" data-widget_type=\"call-to-action.default\">\n\t\t\t\t<div class=\"elementor-widget-container\">\n\t\t\t\t\t\t\t<div class=\"elementor-cta\">\n\t\t\t\t\t<div class=\"elementor-cta__bg-wrapper\">\n\t\t\t\t<div class=\"elementor-cta__bg elementor-bg\" style=\"background-image: url(https:\/\/europagence.com\/wp-content\/uploads\/2024\/02\/istockphoto-1130220121-612x612-1.jpg);\" role=\"img\" aria-label=\"Close-up Of A Businessman&#039;s Hand Holding Magnifying Glass Over House Model Over Desk\"><\/div>\n\t\t\t\t<div class=\"elementor-cta__bg-overlay\"><\/div>\n\t\t\t<\/div>\n\t\t\t\t\t\t\t<div class=\"elementor-cta__content\">\n\t\t\t\t\n\t\t\t\t\t\t\t\t\t<h2 class=\"elementor-cta__title elementor-cta__content-item elementor-content-item\">\n\t\t\t\t\t\tRENOVATION\t\t\t\t\t<\/h2>\n\t\t\t\t\n\t\t\t\t\t\t\t\t\t<div class=\"elementor-cta__description elementor-cta__content-item elementor-content-item\">\n\t\t\t\t\t\tFor our clients who wish to renovate, expand, or build, we present you with architectural design firms and professional companies that ensure consultation and project conception until the perfect completion of your work :\n<br><br>- Conducting feasibility and execution studies\n<br>- Attendance at construction site meetings\n<br>- Consultation and assistance in decision-making\t\t\t\t\t<\/div>\n\t\t\t\t\n\t\t\t\t\t\t\t\t\t<div class=\"elementor-cta__button-wrapper elementor-cta__content-item elementor-content-item\">\n\t\t\t\t\t<a class=\"elementor-cta__button elementor-button elementor-size-\" href=\"https:\/\/europagence.com\/en\/contact\/\">\n\t\t\t\t\t\tCONTACT US\t\t\t\t\t<\/a>\n\t\t\t\t\t<\/div>\n\t\t\t\t\t\t\t<\/div>\n\t\t\t\t\t\t<\/div>\n\t\t\t\t\t\t<\/div>\n\t\t\t\t<\/div>\n\t\t\t\t<div class=\"elementor-element elementor-element-4e47954 elementor-cta--layout-image-left elementor-cta--mobile-layout-image-above elementor-cta--skin-classic elementor-animated-content elementor-widget elementor-widget-call-to-action\" data-id=\"4e47954\" data-element_type=\"widget\" data-widget_type=\"call-to-action.default\">\n\t\t\t\t<div class=\"elementor-widget-container\">\n\t\t\t\t\t\t\t<div class=\"elementor-cta\">\n\t\t\t\t\t<div class=\"elementor-cta__bg-wrapper\">\n\t\t\t\t<div class=\"elementor-cta__bg elementor-bg\" style=\"background-image: url(https:\/\/europagence.com\/wp-content\/uploads\/2024\/02\/istockphoto-889512924-612x612-1.jpg);\" role=\"img\" aria-label=\"Cropped shot of a businessman and businesswoman shaking hands in a modern office\"><\/div>\n\t\t\t\t<div class=\"elementor-cta__bg-overlay\"><\/div>\n\t\t\t<\/div>\n\t\t\t\t\t\t\t<div class=\"elementor-cta__content\">\n\t\t\t\t\n\t\t\t\t\t\t\t\t\t<h2 class=\"elementor-cta__title elementor-cta__content-item elementor-content-item\">\n\t\t\t\t\t\tconcierge service\t\t\t\t\t<\/h2>\n\t\t\t\t\n\t\t\t\t\t\t\t\t\t<div class=\"elementor-cta__description elementor-cta__content-item elementor-content-item\">\n\t\t\t\t\t\tAll inclusive !\n<br><br>20 % \/ of renting (minimum 7 nights)\n<br><br>Tenant Check-In\/Check-Out\n<br><br>Check-in\/Check-out - Inventory Inspection\n<br><br>Cleaning\n \n<br><br>Repair work (presentation offers)\n\t\t\t\t\t<\/div>\n\t\t\t\t\n\t\t\t\t\t\t\t\t\t<div class=\"elementor-cta__button-wrapper elementor-cta__content-item elementor-content-item\">\n\t\t\t\t\t<a class=\"elementor-cta__button elementor-button elementor-size-\" href=\"https:\/\/europagence.com\/en\/contact\/\">\n\t\t\t\t\t\tCONTACT US\t\t\t\t\t<\/a>\n\t\t\t\t\t<\/div>\n\t\t\t\t\t\t\t<\/div>\n\t\t\t\t\t\t<\/div>\n\t\t\t\t\t\t<\/div>\n\t\t\t\t<\/div>\n\t\t\t\t\t<\/div>\n\t\t<\/div>\n\t\t\t\t\t<\/div>\n\t\t<\/section>\n\t\t\t\t<\/div>","protected":false},"excerpt":{"rendered":"<p>Nos Services Nos Services EUROP\u2019AGENCE , sp\u00e9cialis\u00e9e dans\u00a0 la vente et la location saisonni\u00e8re de biens de luxe et de standing b\u00e9n\u00e9ficie de plus de 35 ans d\u2019exp\u00e9rience. Armi Helena FORNARI ,\u00a0 franco-finlandaise\u00a0, agent immobilier et licenci\u00e9e en\u00a0 Droit de la Facult\u00e9 de Droit de NICE et ses collaborateurs multilingues proposent les meilleurs services \u00e0 [&hellip;]<\/p>","protected":false},"author":3,"featured_media":0,"parent":0,"menu_order":0,"comment_status":"closed","ping_status":"closed","template":"","meta":{"footnotes":""},"class_list":["post-12188","page","type-page","status-publish","hentry"],"_links":{"self":[{"href":"https:\/\/europagence.com\/en\/wp-json\/wp\/v2\/pages\/12188","targetHints":{"allow":["GET"]}}],"collection":[{"href":"https:\/\/europagence.com\/en\/wp-json\/wp\/v2\/pages"}],"about":[{"href":"https:\/\/europagence.com\/en\/wp-json\/wp\/v2\/types\/page"}],"author":[{"embeddable":true,"href":"https:\/\/europagence.com\/en\/wp-json\/wp\/v2\/users\/3"}],"replies":[{"embeddable":true,"href":"https:\/\/europagence.com\/en\/wp-json\/wp\/v2\/comments?post=12188"}],"version-history":[{"count":3,"href":"https:\/\/europagence.com\/en\/wp-json\/wp\/v2\/pages\/12188\/revisions"}],"predecessor-version":[{"id":12609,"href":"https:\/\/europagence.com\/en\/wp-json\/wp\/v2\/pages\/12188\/revisions\/12609"}],"wp:attachment":[{"href":"https:\/\/europagence.com\/en\/wp-json\/wp\/v2\/media?parent=12188"}],"curies":[{"name":"wp","href":"https:\/\/api.w.org\/{rel}","templated":true}]}}